{"id":21,"date":"2022-07-07T13:54:39","date_gmt":"2022-07-07T11:54:39","guid":{"rendered":"https:\/\/www.daiden.co\/public\/?page_id=21"},"modified":"2026-05-05T11:23:16","modified_gmt":"2026-05-05T09:23:16","slug":"the-new-umoma-opens-its-doors-2","status":"publish","type":"page","link":"https:\/\/www.lanestel.fr\/","title":{"rendered":"Op\u00e9rateur t\u00e9l\u00e9com pour entreprises \u00e0 Brest et en Bretagne<br>"},"content":{"rendered":"\n<div class=\"wp-block-group alignwide is-layout-flow wp-block-group-is-layout-flow\">\n<p>LANESTEL est un op\u00e9rateur et int\u00e9grateur t\u00e9l\u00e9com sp\u00e9cialis\u00e9 dans les infrastructures r\u00e9seau pour entreprises. Nous concevons et d\u00e9ployons des solutions performantes et s\u00e9curis\u00e9es : acc\u00e8s fibre optique, interconnexion de sites, t\u00e9l\u00e9phonie IP, h\u00e9bergement en datacenter et architectures \u00e0 haute disponibilit\u00e9 (PRA\/PCA).<\/p>\n\n\n\n<p><\/p>\n\n\n\n<div class=\"wp-block-columns alignwide is-layout-flex wp-container-core-columns-is-layout-28f84493 wp-block-columns-is-layout-flex\">\n<div class=\"wp-block-column is-layout-flow wp-block-column-is-layout-flow\">\n<div class=\"wp-block-group is-layout-flow wp-block-group-is-layout-flow\">\n<figure class=\"wp-block-gallery alignfull has-nested-images columns-default is-cropped wp-block-gallery-1 is-layout-flex wp-block-gallery-is-layout-flex\">\n<figure class=\"wp-block-image alignfull size-large\"><img decoding=\"async\" src=\"\/wp-content\/uploads\/2022\/07\/nodes-1160px.jpg\" alt=\"PRA-PCA\"\/><\/figure>\n<\/figure>\n\n\n\n<h3 class=\"wp-block-heading\">les PCA et PRA 100% Fran\u00e7ais<\/h3>\n\n\n\n<p>Prot\u00e9gez votre r\u00e9seau et vos donn\u00e9es contre toutes les formes de catastrophe, de l&rsquo;incendie ou du vol aux attaques de crypto-virus et de ran\u00e7ongiciels, gr\u00e2ce \u00e0 nos solutions de sauvegarde avanc\u00e9es.<\/p>\n\n\n\n<p><\/p>\n<\/div>\n\n\n\n<div class=\"wp-block-group is-layout-flow wp-block-group-is-layout-flow\">\n<figure class=\"wp-block-image alignfull size-large\"><img decoding=\"async\" src=\"\/wp-content\/uploads\/2022\/07\/AdobeStock_225436853-580px.jpg\" alt=\"D\u00e9veloppement de logiciels\"\/><figcaption class=\"wp-element-caption\">Electronics and software development<\/figcaption><\/figure>\n\n\n\n<h3 class=\"wp-block-heading\">D\u00e9veloppement de logiciels<\/h3>\n\n\n\n<p>Rationalisez la gestion de vos donn\u00e9es avec notre \u00e9quipe de programmeurs avanc\u00e9s, pour les applications bureautiques, la conception et l&rsquo;optimisation de bases de donn\u00e9es, les sites Web et les applications mobile.<\/p>\n\n\n\n<p><\/p>\n<\/div>\n<\/div>\n\n\n\n<div class=\"wp-block-column is-layout-flow wp-block-column-is-layout-flow\">\n<div class=\"wp-block-group is-layout-flow wp-block-group-is-layout-flow\">\n<figure class=\"wp-block-image alignfull size-large\"><img decoding=\"async\" src=\"\/wp-content\/uploads\/2022\/07\/AdobeStock_115457793-580px.jpg\" alt=\"H\u00e9bergements et Datacenter\"\/><\/figure>\n\n\n\n<h3 class=\"wp-block-heading\">H\u00e9bergements<\/h3>\n\n\n\n<p>Obtenez un serveur professionnel personnalis\u00e9 et un h\u00e9bergement Web avec LANESTEL. Site Web, machine virtuelle, serveur ou baie de serveurs compl\u00e8te, nous avons l&rsquo;endroit et le plan qu&rsquo;il vous faut.<\/p>\n\n\n\n<p><\/p>\n<\/div>\n\n\n\n<div class=\"wp-block-group is-layout-flow wp-block-group-is-layout-flow\">\n<figure class=\"wp-block-image alignfull size-large\"><img decoding=\"async\" src=\"\/wp-content\/uploads\/2022\/07\/AdobeStock_493462234-580px.jpg\" alt=\"Conseil personnalis\u00e9\"\/><figcaption class=\"wp-element-caption\">Conseil personnalis\u00e9<\/figcaption><\/figure>\n\n\n\n<h3 class=\"wp-block-heading\">Conseil<\/h3>\n\n\n\n<p>Obtenez une assistance informatique personnelle pour connecter et s\u00e9curiser vos op\u00e9rations.<\/p>\n<\/div>\n<\/div>\n<\/div>\n<\/div>\n\n\n\n<figure class=\"wp-block-image alignfull size-large\"><img decoding=\"async\" src=\"\/wp-content\/uploads\/2022\/07\/AdobeStock_203168528-1080px.jpg\" alt=\"LANESTEL Technologie\"\/><figcaption class=\"wp-element-caption\">Technology<\/figcaption><\/figure>\n\n\n\n<p><\/p>\n\n\n\n<figure class=\"wp-block-gallery alignwide has-nested-images columns-default is-cropped wp-block-gallery-2 is-layout-flex wp-block-gallery-is-layout-flex\"><\/figure>\n","protected":false},"excerpt":{"rendered":"<p>LANESTEL est un op\u00e9rateur et int\u00e9grateur t\u00e9l\u00e9com sp\u00e9cialis\u00e9 dans les infrastructures r\u00e9seau pour entreprises. Nous concevons et d\u00e9ployons des solutions [&hellip;]<\/p>\n","protected":false},"author":2,"featured_media":20,"parent":0,"menu_order":0,"comment_status":"closed","ping_status":"closed","template":"","meta":{"footnotes":""},"class_list":["post-21","page","type-page","status-publish","has-post-thumbnail","hentry"],"_links":{"self":[{"href":"https:\/\/www.lanestel.fr\/index.php?rest_route=\/wp\/v2\/pages\/21","targetHints":{"allow":["GET"]}}],"collection":[{"href":"https:\/\/www.lanestel.fr\/index.php?rest_route=\/wp\/v2\/pages"}],"about":[{"href":"https:\/\/www.lanestel.fr\/index.php?rest_route=\/wp\/v2\/types\/page"}],"author":[{"embeddable":true,"href":"https:\/\/www.lanestel.fr\/index.php?rest_route=\/wp\/v2\/users\/2"}],"replies":[{"embeddable":true,"href":"https:\/\/www.lanestel.fr\/index.php?rest_route=%2Fwp%2Fv2%2Fcomments&post=21"}],"version-history":[{"count":30,"href":"https:\/\/www.lanestel.fr\/index.php?rest_route=\/wp\/v2\/pages\/21\/revisions"}],"predecessor-version":[{"id":265,"href":"https:\/\/www.lanestel.fr\/index.php?rest_route=\/wp\/v2\/pages\/21\/revisions\/265"}],"wp:featuredmedia":[{"embeddable":true,"href":"https:\/\/www.lanestel.fr\/index.php?rest_route=\/wp\/v2\/media\/20"}],"wp:attachment":[{"href":"https:\/\/www.lanestel.fr\/index.php?rest_route=%2Fwp%2Fv2%2Fmedia&parent=21"}],"curies":[{"name":"wp","href":"https:\/\/api.w.org\/{rel}","templated":true}]}}