{"id":22,"date":"2022-07-07T13:54:40","date_gmt":"2022-07-07T11:54:40","guid":{"rendered":"https:\/\/www.daiden.co\/public\/?page_id=22"},"modified":"2026-05-05T08:52:54","modified_gmt":"2026-05-05T06:52:54","slug":"a-propos-de","status":"publish","type":"page","link":"https:\/\/www.lanestel.fr\/?page_id=22","title":{"rendered":"\u00c0 propos de"},"content":{"rendered":"\n<p>Lanestel SARL est une entreprise sp\u00e9cialis\u00e9e dans la conception, l\u2019int\u00e9gration et la maintenance d\u2019infrastructures informatiques et audiovisuelles professionnelles. Depuis plus de vingt ans, nous accompagnons nos clients \u2013 entreprises, collectivit\u00e9s, institutions et ind\u00e9pendants \u2013 dans la mise en place de solutions fiables, performantes et durables.<\/p>\n\n\n\n<p><br>Notre expertise couvre un large \u00e9ventail de domaines : syst\u00e8mes informatiques, r\u00e9seaux locaux et inter-sites, solutions de virtualisation, stockage haute disponibilit\u00e9, s\u00e9curit\u00e9 informatique, t\u00e9l\u00e9phonie IP, solutions cloud, et services audiovisuels professionnels.<\/p>\n\n\n\n<p><br>Nous privil\u00e9gions une approche globale : analyse, conception, d\u00e9ploiement, supervision et support. Gr\u00e2ce \u00e0 une veille technologique constante et \u00e0 une ma\u00eetrise pouss\u00e9e des solutions mat\u00e9rielles et logicielles, Lanestel garantit des installations optimis\u00e9es, \u00e9volutives et parfaitement adapt\u00e9es aux besoins de chaque client.<\/p>\n\n\n\n<p><br>Aujourd\u2019hui, Lanestel accompagne pr\u00e8s d\u2019une centaine de clients r\u00e9partis sur plusieurs secteurs d\u2019activit\u00e9. La fid\u00e9lit\u00e9 de ses clients sur le long terme t\u00e9moigne de la qualit\u00e9, de la r\u00e9activit\u00e9 et de l\u2019exigence qui caract\u00e9risent nos interventions.<\/p>\n\n\n\n<h1 class=\"wp-block-heading\">NOS CLIENTS<\/h1>\n\n\n\n<p>Lanestel compte pr\u00e8s d\u2019une centaine de clients actifs, principalement situ\u00e9s en Bretagne, mais \u00e9galement dans d\u2019autres r\u00e9gions selon les projets.<br>Nos clients sont issus de domaines vari\u00e9s :<\/p>\n\n\n\n<ul class=\"wp-block-list\">\n<li>Entreprises priv\u00e9es (TPE, PME, ETI)<\/li>\n\n\n\n<li>Institutions publiques<\/li>\n\n\n\n<li>Collectivit\u00e9s territoriales<\/li>\n\n\n\n<li>Cabinets d\u2019expertise<\/li>\n\n\n\n<li>\u00c9tablissements scolaires<\/li>\n\n\n\n<li>Associations<\/li>\n\n\n\n<li>Commerces et artisans<\/li>\n\n\n\n<li>Studios audiovisuels<\/li>\n\n\n\n<li>Professionnels de sant\u00e9 (HDS)<\/li>\n\n\n\n<li>R\u00e9sidences d\u2019appartements avec services<\/li>\n<\/ul>\n","protected":false},"excerpt":{"rendered":"<p>Lanestel SARL est une entreprise sp\u00e9cialis\u00e9e dans la conception, l\u2019int\u00e9gration et la maintenance d\u2019infrastructures informatiques et audiovisuelles professionnelles. Depuis plus [&hellip;]<\/p>\n","protected":false},"author":2,"featured_media":0,"parent":0,"menu_order":0,"comment_status":"closed","ping_status":"closed","template":"","meta":{"footnotes":""},"class_list":["post-22","page","type-page","status-publish","hentry"],"_links":{"self":[{"href":"https:\/\/www.lanestel.fr\/index.php?rest_route=\/wp\/v2\/pages\/22","targetHints":{"allow":["GET"]}}],"collection":[{"href":"https:\/\/www.lanestel.fr\/index.php?rest_route=\/wp\/v2\/pages"}],"about":[{"href":"https:\/\/www.lanestel.fr\/index.php?rest_route=\/wp\/v2\/types\/page"}],"author":[{"embeddable":true,"href":"https:\/\/www.lanestel.fr\/index.php?rest_route=\/wp\/v2\/users\/2"}],"replies":[{"embeddable":true,"href":"https:\/\/www.lanestel.fr\/index.php?rest_route=%2Fwp%2Fv2%2Fcomments&post=22"}],"version-history":[{"count":6,"href":"https:\/\/www.lanestel.fr\/index.php?rest_route=\/wp\/v2\/pages\/22\/revisions"}],"predecessor-version":[{"id":252,"href":"https:\/\/www.lanestel.fr\/index.php?rest_route=\/wp\/v2\/pages\/22\/revisions\/252"}],"wp:attachment":[{"href":"https:\/\/www.lanestel.fr\/index.php?rest_route=%2Fwp%2Fv2%2Fmedia&parent=22"}],"curies":[{"name":"wp","href":"https:\/\/api.w.org\/{rel}","templated":true}]}}